{"id":987948,"date":"2022-11-09T15:02:23","date_gmt":"2022-11-09T15:02:23","guid":{"rendered":"http:\/\/serenaproduction.it\/?post_type=product&#038;p=987948"},"modified":"2024-02-01T15:57:27","modified_gmt":"2024-02-01T15:57:27","slug":"srs-eco-simply","status":"publish","type":"product","link":"https:\/\/serenaproduction.it\/en\/product\/srs-eco-simply\/","title":{"rendered":"SRS ECO SIMPLY"},"content":{"rendered":"<div class=\"vgblk-rw-wrapper limit-wrapper\">\n<h1>\n\t\tSRS ECO SIMPLY\n\t<\/h1>\n\t\t\t\t<a href=\"https:\/\/serenaproduction.it\/wp-content\/uploads\/2022\/11\/SRS-ECO-SIMPLY.jpg\" target=\"_self\" itemprop=\"url\" title=\"SRS ECO SIMPLY\" rel=\"noopener\">\n\t\t\t\t\t\t\t<img fetchpriority=\"high\" decoding=\"async\" width=\"437\" height=\"457\" src=\"http:\/\/serenaproduction.it\/wp-content\/uploads\/2022\/11\/SRS-ECO-SIMPLY.jpg\" alt=\"SRS ECO SIMPLY\" itemprop=\"image\" data-link-type=\"lightbox\" title=\"SRS ECO SIMPLY\" onerror=\"this.style.display='none'\" sizes=\"(max-width: 768px) 100vw, 100vw\"  srcset=\"https:\/\/serenaproduction.it\/wp-content\/uploads\/2022\/11\/SRS-ECO-SIMPLY.jpg 437w, https:\/\/serenaproduction.it\/wp-content\/uploads\/2022\/11\/SRS-ECO-SIMPLY-287x300.jpg 287w, https:\/\/serenaproduction.it\/wp-content\/uploads\/2022\/11\/SRS-ECO-SIMPLY-11x12.jpg 11w, https:\/\/serenaproduction.it\/wp-content\/uploads\/2022\/11\/SRS-ECO-SIMPLY-420x439.jpg 420w, https:\/\/serenaproduction.it\/wp-content\/uploads\/2022\/11\/SRS-ECO-SIMPLY-315x329.jpg 315w\" \/>\t\t\t\t\t\t<\/a>\n<h2>\n\t\tDescription of SRS ECO SIMPLY\n\t<\/h2>\n\tLa serranda in alluminio mod. ECO SIMPLY viene assemblata con profili H30 o H38, \u00e8 realizzata su misura in estrusi in alluminio, con forme e caratteristiche particolari. Questo modello viene utilizzato prevalentemente per chiudere vani porta-materiali di piccole e medie dimensioni, in sostituzione agli scomodi battenti. Viene realizzata su misura ed \u00e8 anodizzata argento o verniciata Ral 7035. Su richiesta del cliente \u00e8 disponibile la verniciatura in tutta la gamma dei colori Ral. Il sistema di scorrimento di questo modello di serranda permette di occupare meno spazio possibile all&#8217;interno del vano. Difatti la serranda si ripone piatta orizzontalmente sotto il tetto e l&#8217;eventuale lunghezza in eccesso si pone sul<br \/>\nfondo del veicolo in verticale. Questo sistema di scorrimento interno detto &#8220;a scomparsa&#8221; viene consigliato per superfici max. fino a 1 metro quadro. Questa soluzione ha un costo contenuto ed \u00e8 di facile montaggio, ma garantisce in ogni modo lo stesso livello di affidabilit\u00e0, qualit\u00e0 ed estetica degli altri modelli serranda.\n\t<table>\n<tbody>\n<tr>\n<td colspan=\"2\"><strong>OPERATING DIMENSIONS<\/strong><\/td>\n<\/tr>\n<tr>\n<td>Maximum surface area allowed<\/td>\n<td>1 m\u00b2<\/td>\n<\/tr>\n<\/tbody>\n<\/table>\n\t<table>\n<tbody>\n<tr>\n<td colspan=\"2\"><strong>SHUTTER WEIGHT FOR 1m\u00b2<\/strong><\/td>\n<\/tr>\n<tr>\n<td>Shutter H30<\/td>\n<td>13 Kg<\/td>\n<\/tr>\n<tr>\n<td>Shutter H38<\/td>\n<td>11 Kg<\/td>\n<\/tr>\n<\/tbody>\n<\/table>\n\t\t\t<a href=\"\/wp-content\/uploads\/2023\/02\/2-ECO-SIMPLY-EN.pdf\" target=\"_blank\" rel=\"noopener\">\n\t\t\t\t\t\t\tTECHNICAL DATA\n\t\t\t\t\t<\/a>\n\t\t\t<a href=\"http:\/\/serenaproduction.it\/wp-content\/uploads\/2024\/01\/Istruzioni-SIMPLY-ENG-0.pdf\" target=\"_blank\" rel=\"noopener\">\n\t\t\t\t\t\t\tASSEMBLY INSTRUCTIONS\n\t\t\t\t\t<\/a>\n\t\t\t<a href=\"\/wp-content\/uploads\/2022\/11\/SIMPLY-Modulo-2022.pdf\" target=\"_self\" rel=\"noopener\">\n\t\t\t\t\t\t\tORDER FORM\n\t\t\t\t\t<\/a>\n\t\t\t<a href=\"\/en\/contatti\/\" target=\"_self\" rel=\"noopener\">\n\t\t\t\t\t\tCONTACT US\n\t\t\t\t\t<\/a>\n<h4>\n\tPRODUCTION OF ALUMINUM  ROLLER SHUTTERS FOR INDUSTRIAL VEHICLES\n\t<\/h4>\n<h2 class=\"translation-block\"><span class=\"vamtam-heading-text\">Contact us for more information and request a free quote<\/span><\/h2>\n\tPer ricevere maggiori informazioni o per richiedere un preventivo in merito alle nostre <strong>serrande in alluminio<\/strong><strong id=\"1632634175\"> per veicoli industriali e commerciali<\/strong>, compila il form presente in questa pagina. Verrai ricontattato in tempi brevi dal nostro staff incaricato.\n<p>&nbsp;<\/p>\nThe alternative contacts the Serena Production srl office directly at the telephone numbers:\n<p><strong id=\"1246094839\">030 2680909 &#8211; 030 2677496 &#8211; 030 2170480<\/strong><\/p>\n\t\t\t\t\t\t\t<img decoding=\"async\" width=\"300\" height=\"95\" src=\"http:\/\/serenaproduction.it\/wp-content\/uploads\/2022\/12\/logo-serena-trasp-bianco-300x95.png\" alt=\"logo-serena-trasp-bianco\" itemprop=\"image\" title=\"logo-serena-trasp-bianco\" onerror=\"this.style.display='none'\"  sizes=\"(max-width: 768px) 100vw, 100vw\" srcset=\"https:\/\/serenaproduction.it\/wp-content\/uploads\/2022\/12\/logo-serena-trasp-bianco-300x95.png 300w, https:\/\/serenaproduction.it\/wp-content\/uploads\/2022\/12\/logo-serena-trasp-bianco-18x6.png 18w, https:\/\/serenaproduction.it\/wp-content\/uploads\/2022\/12\/logo-serena-trasp-bianco-420x134.png 420w, https:\/\/serenaproduction.it\/wp-content\/uploads\/2022\/12\/logo-serena-trasp-bianco-315x100.png 315w, https:\/\/serenaproduction.it\/wp-content\/uploads\/2022\/12\/logo-serena-trasp-bianco.png 456w\" \/>\t\t\t\t\t\t\t\n\t\n<div class=\"wpcf7 no-js\" id=\"wpcf7-f988826-o1\" lang=\"it-IT\" dir=\"ltr\" data-wpcf7-id=\"988826\">\n<div class=\"screen-reader-response\"><p role=\"status\" aria-live=\"polite\" aria-atomic=\"true\"><\/p> <ul><\/ul><\/div>\n<form action=\"\/en\/wp-json\/wp\/v2\/product\/987948#wpcf7-f988826-o1\" method=\"post\" class=\"wpcf7-form init\" aria-label=\"Modulo di contatto\" novalidate=\"novalidate\" data-status=\"init\" data-trp-original-action=\"\/en\/wp-json\/wp\/v2\/product\/987948#wpcf7-f988826-o1\">\n<fieldset class=\"hidden-fields-container\"><input type=\"hidden\" name=\"_wpcf7\" value=\"988826\" \/><input type=\"hidden\" name=\"_wpcf7_version\" value=\"6.1.5\" \/><input type=\"hidden\" name=\"_wpcf7_locale\" value=\"it_IT\" \/><input type=\"hidden\" name=\"_wpcf7_unit_tag\" value=\"wpcf7-f988826-o1\" \/><input type=\"hidden\" name=\"_wpcf7_container_post\" value=\"0\" \/><input type=\"hidden\" name=\"_wpcf7_posted_data_hash\" value=\"\" \/><input type=\"hidden\" name=\"_wpcf7_recaptcha_response\" value=\"\" \/>\n<\/fieldset>\n<p><label> Name and Surname<br \/>\n<span class=\"wpcf7-form-control-wrap\" data-name=\"your-name\"><input size=\"40\" maxlength=\"400\" class=\"wpcf7-form-control wpcf7-text wpcf7-validates-as-required\" aria-required=\"true\" aria-invalid=\"false\" value=\"\" type=\"text\" name=\"your-name\" \/><\/span> <\/label>\n<\/p>\n<p><label> Company<br \/>\n<span class=\"wpcf7-form-control-wrap\" data-name=\"your-azienda\"><input size=\"40\" maxlength=\"400\" class=\"wpcf7-form-control wpcf7-text wpcf7-validates-as-required\" aria-required=\"true\" aria-invalid=\"false\" value=\"\" type=\"text\" name=\"your-azienda\" \/><\/span> <\/label>\n<\/p>\n<p><label> E-mail<br \/>\n<span class=\"wpcf7-form-control-wrap\" data-name=\"your-email\"><input size=\"40\" maxlength=\"400\" class=\"wpcf7-form-control wpcf7-email wpcf7-validates-as-required wpcf7-text wpcf7-validates-as-email\" aria-required=\"true\" aria-invalid=\"false\" value=\"\" type=\"email\" name=\"your-email\" \/><\/span> <\/label>\n<\/p>\n<p><label>Phone<br \/>\n<span class=\"wpcf7-form-control-wrap\" data-name=\"tel-679\"><input size=\"40\" maxlength=\"400\" class=\"wpcf7-form-control wpcf7-tel wpcf7-text wpcf7-validates-as-tel\" aria-invalid=\"false\" value=\"\" type=\"tel\" name=\"tel-679\" \/><\/span> <\/label>\n<\/p>\n<p><label> Product of your interest:<br \/>\n<span class=\"wpcf7-form-control-wrap\" data-name=\"your-prodotto\"><input size=\"40\" maxlength=\"400\" class=\"wpcf7-form-control wpcf7-text wpcf7-validates-as-required\" aria-required=\"true\" aria-invalid=\"false\" value=\"\" type=\"text\" name=\"your-prodotto\" \/><\/span> <\/label>\n<\/p>\n<p><label> Your request<br \/>\n<span class=\"wpcf7-form-control-wrap\" data-name=\"your-message\"><textarea cols=\"40\" rows=\"10\" maxlength=\"2000\" class=\"wpcf7-form-control wpcf7-textarea\" aria-invalid=\"false\" name=\"your-message\"><\/textarea><\/span> <\/label>\n<\/p>\n<p><span id=\"wpcf7-69e211516ff8e-wrapper\" class=\"wpcf7-form-control-wrap honeypot-744-wrap\" style=\"display:none !important; visibility:hidden !important;\"><label for=\"912\" class=\"hp-message\">Si prega di lasciare vuoto questo campo.<\/label><input id=\"912\"  class=\"wpcf7-form-control wpcf7-text\" type=\"text\" name=\"honeypot-744\" value=\"\" size=\"40\" tabindex=\"-1\" autocomplete=\"new-password\" \/><\/span>\n<\/p>\n<p><span class=\"wpcf7-form-control-wrap\" data-name=\"acceptance-805\"><span class=\"wpcf7-form-control wpcf7-acceptance\"><span class=\"wpcf7-list-item\"><label class=\"translation-block\"><span class=\"wpcf7-form-control-wrap\" data-name=\"acceptance-805\"><span class=\"wpcf7-form-control wpcf7-acceptance\"><span class=\"wpcf7-list-item\"><label><span class=\"wpcf7-list-item-label\">I have read and accept the terms of the <a href=\"\/en\/privacy-policy\/\" target=\"_self\">privacy policy\n<\/a><\/span><\/label><\/span><\/span><\/span><\/label><\/span><\/span><\/span>\n<\/p>\n\n<p><input class=\"wpcf7-form-control wpcf7-submit has-spinner\" type=\"submit\" value=\"Submit\" \/>\n<\/p><div class=\"wpcf7-response-output\" aria-hidden=\"true\"><\/div>\n<input type=\"hidden\" name=\"trp-form-language\" value=\"en\"\/><\/form>\n<\/div>\n\n\n<\/div><!-- .vgblk-rw-wrapper -->","protected":false},"excerpt":{"rendered":"<p>SRS ECO SIMPLY Descrizione serranda SRS ECO SIMPLY La serranda in alluminio mod. ECO SIMPLY viene assemblata con profili H30 o H38, \u00e8 realizzata su misura in estrusi in alluminio, con forme e caratteristiche particolari. Questo modello viene utilizzato prevalentemente per chiudere vani porta-materiali di piccole e medie dimensioni, in sostituzione agli scomodi battenti. Viene&#8230;<\/p>","protected":false},"featured_media":987949,"template":"","meta":{"inline_featured_image":false},"product_brand":[],"product_cat":[73,60],"product_tag":[],"class_list":{"0":"post-987948","1":"product","2":"type-product","3":"status-publish","4":"has-post-thumbnail","6":"product_cat-eco-simply","7":"product_cat-serrande","9":"first","10":"instock","11":"shipping-taxable","12":"product-type-simple"},"yoast_head":"<!-- This site is optimized with the Yoast SEO plugin v27.3 - https:\/\/yoast.com\/product\/yoast-seo-wordpress\/ -->\n<title>SRS ECO SIMPLY - Serena Production S.r.l.<\/title>\n<meta name=\"robots\" content=\"index, follow, max-snippet:-1, max-image-preview:large, max-video-preview:-1\" \/>\n<link rel=\"canonical\" href=\"https:\/\/serenaproduction.it\/en\/product\/srs-eco-simply\/\" \/>\n<meta property=\"og:locale\" content=\"en_GB\" \/>\n<meta property=\"og:type\" content=\"article\" \/>\n<meta property=\"og:title\" content=\"SRS ECO SIMPLY - Serena Production S.r.l.\" \/>\n<meta property=\"og:description\" content=\"SRS ECO SIMPLY Descrizione serranda SRS ECO SIMPLY La serranda in alluminio mod. ECO SIMPLY viene assemblata con profili H30 o H38, \u00e8 realizzata su misura in estrusi in alluminio, con forme e caratteristiche particolari. Questo modello viene utilizzato prevalentemente per chiudere vani porta-materiali di piccole e medie dimensioni, in sostituzione agli scomodi battenti. Viene...\" \/>\n<meta property=\"og:url\" content=\"https:\/\/serenaproduction.it\/en\/product\/srs-eco-simply\/\" \/>\n<meta property=\"og:site_name\" content=\"Serena Production S.r.l.\" \/>\n<meta property=\"article:modified_time\" content=\"2024-02-01T15:57:27+00:00\" \/>\n<meta property=\"og:image\" content=\"https:\/\/serenaproduction.it\/wp-content\/uploads\/2022\/11\/SRS-ECO-SIMPLY.jpg\" \/>\n\t<meta property=\"og:image:width\" content=\"437\" \/>\n\t<meta property=\"og:image:height\" content=\"457\" \/>\n\t<meta property=\"og:image:type\" content=\"image\/jpeg\" \/>\n<meta name=\"twitter:card\" content=\"summary_large_image\" \/>\n<meta name=\"twitter:label1\" content=\"Estimated reading time\" \/>\n\t<meta name=\"twitter:data1\" content=\"1 minute\" \/>\n<script type=\"application\/ld+json\" class=\"yoast-schema-graph\">{\"@context\":\"https:\\\/\\\/schema.org\",\"@graph\":[{\"@type\":\"WebPage\",\"@id\":\"https:\\\/\\\/serenaproduction.it\\\/prodotto\\\/srs-eco-simply\\\/\",\"url\":\"https:\\\/\\\/serenaproduction.it\\\/prodotto\\\/srs-eco-simply\\\/\",\"name\":\"SRS ECO SIMPLY - Serena Production S.r.l.\",\"isPartOf\":{\"@id\":\"https:\\\/\\\/serenaproduction.it\\\/#website\"},\"primaryImageOfPage\":{\"@id\":\"https:\\\/\\\/serenaproduction.it\\\/prodotto\\\/srs-eco-simply\\\/#primaryimage\"},\"image\":{\"@id\":\"https:\\\/\\\/serenaproduction.it\\\/prodotto\\\/srs-eco-simply\\\/#primaryimage\"},\"thumbnailUrl\":\"https:\\\/\\\/serenaproduction.it\\\/wp-content\\\/uploads\\\/2022\\\/11\\\/SRS-ECO-SIMPLY.jpg\",\"datePublished\":\"2022-11-09T15:02:23+00:00\",\"dateModified\":\"2024-02-01T15:57:27+00:00\",\"breadcrumb\":{\"@id\":\"https:\\\/\\\/serenaproduction.it\\\/prodotto\\\/srs-eco-simply\\\/#breadcrumb\"},\"inLanguage\":\"en-GB\",\"potentialAction\":[{\"@type\":\"ReadAction\",\"target\":[\"https:\\\/\\\/serenaproduction.it\\\/prodotto\\\/srs-eco-simply\\\/\"]}]},{\"@type\":\"ImageObject\",\"inLanguage\":\"en-GB\",\"@id\":\"https:\\\/\\\/serenaproduction.it\\\/prodotto\\\/srs-eco-simply\\\/#primaryimage\",\"url\":\"https:\\\/\\\/serenaproduction.it\\\/wp-content\\\/uploads\\\/2022\\\/11\\\/SRS-ECO-SIMPLY.jpg\",\"contentUrl\":\"https:\\\/\\\/serenaproduction.it\\\/wp-content\\\/uploads\\\/2022\\\/11\\\/SRS-ECO-SIMPLY.jpg\",\"width\":437,\"height\":457},{\"@type\":\"BreadcrumbList\",\"@id\":\"https:\\\/\\\/serenaproduction.it\\\/prodotto\\\/srs-eco-simply\\\/#breadcrumb\",\"itemListElement\":[{\"@type\":\"ListItem\",\"position\":1,\"name\":\"Home\",\"item\":\"https:\\\/\\\/serenaproduction.it\\\/\"},{\"@type\":\"ListItem\",\"position\":2,\"name\":\"Products\",\"item\":\"https:\\\/\\\/serenaproduction.it\\\/en\\\/shop\\\/\"},{\"@type\":\"ListItem\",\"position\":3,\"name\":\"SRS ECO SIMPLY\"}]},{\"@type\":\"WebSite\",\"@id\":\"https:\\\/\\\/serenaproduction.it\\\/#website\",\"url\":\"https:\\\/\\\/serenaproduction.it\\\/\",\"name\":\"Serena Production S.r.l.\",\"description\":\"\",\"publisher\":{\"@id\":\"https:\\\/\\\/serenaproduction.it\\\/#organization\"},\"potentialAction\":[{\"@type\":\"SearchAction\",\"target\":{\"@type\":\"EntryPoint\",\"urlTemplate\":\"https:\\\/\\\/serenaproduction.it\\\/?s={search_term_string}\"},\"query-input\":{\"@type\":\"PropertyValueSpecification\",\"valueRequired\":true,\"valueName\":\"search_term_string\"}}],\"inLanguage\":\"en-GB\"},{\"@type\":\"Organization\",\"@id\":\"https:\\\/\\\/serenaproduction.it\\\/#organization\",\"name\":\"Serena Production S.r.l.\",\"url\":\"https:\\\/\\\/serenaproduction.it\\\/\",\"logo\":{\"@type\":\"ImageObject\",\"inLanguage\":\"en-GB\",\"@id\":\"https:\\\/\\\/serenaproduction.it\\\/#\\\/schema\\\/logo\\\/image\\\/\",\"url\":\"https:\\\/\\\/serenaproduction.it\\\/wp-content\\\/uploads\\\/2022\\\/10\\\/cropped-cropped-logo-serena-1-1.png\",\"contentUrl\":\"https:\\\/\\\/serenaproduction.it\\\/wp-content\\\/uploads\\\/2022\\\/10\\\/cropped-cropped-logo-serena-1-1.png\",\"width\":428,\"height\":145,\"caption\":\"Serena Production S.r.l.\"},\"image\":{\"@id\":\"https:\\\/\\\/serenaproduction.it\\\/#\\\/schema\\\/logo\\\/image\\\/\"}}]}<\/script>\n<!-- \/ Yoast SEO plugin. -->","yoast_head_json":{"title":"SRS ECO SIMPLY - Serena Production S.r.l.","robots":{"index":"index","follow":"follow","max-snippet":"max-snippet:-1","max-image-preview":"max-image-preview:large","max-video-preview":"max-video-preview:-1"},"canonical":"https:\/\/serenaproduction.it\/en\/product\/srs-eco-simply\/","og_locale":"en_GB","og_type":"article","og_title":"SRS ECO SIMPLY - Serena Production S.r.l.","og_description":"SRS ECO SIMPLY Descrizione serranda SRS ECO SIMPLY La serranda in alluminio mod. ECO SIMPLY viene assemblata con profili H30 o H38, \u00e8 realizzata su misura in estrusi in alluminio, con forme e caratteristiche particolari. Questo modello viene utilizzato prevalentemente per chiudere vani porta-materiali di piccole e medie dimensioni, in sostituzione agli scomodi battenti. Viene...","og_url":"https:\/\/serenaproduction.it\/en\/product\/srs-eco-simply\/","og_site_name":"Serena Production S.r.l.","article_modified_time":"2024-02-01T15:57:27+00:00","og_image":[{"width":437,"height":457,"url":"https:\/\/serenaproduction.it\/wp-content\/uploads\/2022\/11\/SRS-ECO-SIMPLY.jpg","type":"image\/jpeg"}],"twitter_card":"summary_large_image","twitter_misc":{"Estimated reading time":"1 minute"},"schema":{"@context":"https:\/\/schema.org","@graph":[{"@type":"WebPage","@id":"https:\/\/serenaproduction.it\/prodotto\/srs-eco-simply\/","url":"https:\/\/serenaproduction.it\/prodotto\/srs-eco-simply\/","name":"SRS ECO SIMPLY - Serena Production S.r.l.","isPartOf":{"@id":"https:\/\/serenaproduction.it\/#website"},"primaryImageOfPage":{"@id":"https:\/\/serenaproduction.it\/prodotto\/srs-eco-simply\/#primaryimage"},"image":{"@id":"https:\/\/serenaproduction.it\/prodotto\/srs-eco-simply\/#primaryimage"},"thumbnailUrl":"https:\/\/serenaproduction.it\/wp-content\/uploads\/2022\/11\/SRS-ECO-SIMPLY.jpg","datePublished":"2022-11-09T15:02:23+00:00","dateModified":"2024-02-01T15:57:27+00:00","breadcrumb":{"@id":"https:\/\/serenaproduction.it\/prodotto\/srs-eco-simply\/#breadcrumb"},"inLanguage":"en-GB","potentialAction":[{"@type":"ReadAction","target":["https:\/\/serenaproduction.it\/prodotto\/srs-eco-simply\/"]}]},{"@type":"ImageObject","inLanguage":"en-GB","@id":"https:\/\/serenaproduction.it\/prodotto\/srs-eco-simply\/#primaryimage","url":"https:\/\/serenaproduction.it\/wp-content\/uploads\/2022\/11\/SRS-ECO-SIMPLY.jpg","contentUrl":"https:\/\/serenaproduction.it\/wp-content\/uploads\/2022\/11\/SRS-ECO-SIMPLY.jpg","width":437,"height":457},{"@type":"BreadcrumbList","@id":"https:\/\/serenaproduction.it\/prodotto\/srs-eco-simply\/#breadcrumb","itemListElement":[{"@type":"ListItem","position":1,"name":"Home","item":"https:\/\/serenaproduction.it\/"},{"@type":"ListItem","position":2,"name":"Products","item":"https:\/\/serenaproduction.it\/en\/shop\/"},{"@type":"ListItem","position":3,"name":"SRS ECO SIMPLY"}]},{"@type":"WebSite","@id":"https:\/\/serenaproduction.it\/#website","url":"https:\/\/serenaproduction.it\/","name":"Serena Production S.r.l.","description":"","publisher":{"@id":"https:\/\/serenaproduction.it\/#organization"},"potentialAction":[{"@type":"SearchAction","target":{"@type":"EntryPoint","urlTemplate":"https:\/\/serenaproduction.it\/?s={search_term_string}"},"query-input":{"@type":"PropertyValueSpecification","valueRequired":true,"valueName":"search_term_string"}}],"inLanguage":"en-GB"},{"@type":"Organization","@id":"https:\/\/serenaproduction.it\/#organization","name":"Serena Production S.r.l.","url":"https:\/\/serenaproduction.it\/","logo":{"@type":"ImageObject","inLanguage":"en-GB","@id":"https:\/\/serenaproduction.it\/#\/schema\/logo\/image\/","url":"https:\/\/serenaproduction.it\/wp-content\/uploads\/2022\/10\/cropped-cropped-logo-serena-1-1.png","contentUrl":"https:\/\/serenaproduction.it\/wp-content\/uploads\/2022\/10\/cropped-cropped-logo-serena-1-1.png","width":428,"height":145,"caption":"Serena Production S.r.l."},"image":{"@id":"https:\/\/serenaproduction.it\/#\/schema\/logo\/image\/"}}]}},"_links":{"self":[{"href":"https:\/\/serenaproduction.it\/en\/wp-json\/wp\/v2\/product\/987948","targetHints":{"allow":["GET"]}}],"collection":[{"href":"https:\/\/serenaproduction.it\/en\/wp-json\/wp\/v2\/product"}],"about":[{"href":"https:\/\/serenaproduction.it\/en\/wp-json\/wp\/v2\/types\/product"}],"wp:featuredmedia":[{"embeddable":true,"href":"https:\/\/serenaproduction.it\/en\/wp-json\/wp\/v2\/media\/987949"}],"wp:attachment":[{"href":"https:\/\/serenaproduction.it\/en\/wp-json\/wp\/v2\/media?parent=987948"}],"wp:term":[{"taxonomy":"product_brand","embeddable":true,"href":"https:\/\/serenaproduction.it\/en\/wp-json\/wp\/v2\/product_brand?post=987948"},{"taxonomy":"product_cat","embeddable":true,"href":"https:\/\/serenaproduction.it\/en\/wp-json\/wp\/v2\/product_cat?post=987948"},{"taxonomy":"product_tag","embeddable":true,"href":"https:\/\/serenaproduction.it\/en\/wp-json\/wp\/v2\/product_tag?post=987948"}],"curies":[{"name":"wp","href":"https:\/\/api.w.org\/{rel}","templated":true}]}}