{"id":3,"date":"2022-09-23T09:39:43","date_gmt":"2022-09-23T09:39:43","guid":{"rendered":"http:\/\/serenaproduction.it\/?page_id=3"},"modified":"2022-10-27T10:02:54","modified_gmt":"2022-10-27T10:02:54","slug":"privacy-policy","status":"publish","type":"page","link":"https:\/\/serenaproduction.it\/en\/privacy-policy\/","title":{"rendered":"Privacy &#038; Cookie Policy"},"content":{"rendered":"<div class=\"vgblk-rw-wrapper limit-wrapper\">\n\n\t<h2>Informativa privacy ai sensi degli artt. 13-14 del Regolamento Europeo &#8220;Privacy&#8221; (GDPR)<\/h2>\n<p>I dati personali da Lei inseriti, sono trattati dal proprietario del sito Serena Production &#8211; Via Benedetto Castelli 44 &#8211; 25010 Montirone (BS) &#8211; +390302680909 in qualit\u00e0 di Titolare, per finalit\u00e0 connesse alla fornitura dei servizi da Lei richiesti (a titolo esemplificativo: richiedere informazioni, registrarsi al sito per ricevere vantaggi e offerte, ottenere preventivi, effettuare pagamenti, acquistare beni e riceverli presso un domicilio da Lei indicato, effettuare una prenotazione, scambiare documenti).<\/p>\n<p>Inoltre, i dati da Lei forniti, potrebbero essere trattati, solo su Suo esplicito consenso, al fine di inviarLe comunicazioni di natura commerciale via email o sms relativamente ai servizi offerti dal Titolare.<\/p>\n<p>Nel primo caso, la base giuridica del trattamento \u00e8 l&#8217;esecuzione di un accordo; nel secondo caso \u00e8 il consenso. I trattamenti avverranno con modalit\u00e0 elettroniche e verranno messi a disposizione delle terze parti (Responsabili Esterni del trattamento) nell&#8217;ambito dell&#8217;Unione Europea o in Paesi extra UE, regolarmente contrattualizzate e che offrono adeguate garanzie di sicurezza, necessarie per la fornitura di servizi essenziali al soddisfacimento delle Sue esigenze. Tali Responsabili Esterni, il cui elenco \u00e8 disponibile dietro richiesta, possono appartenere a categorie di soggetti che supportano il Titolare nell&#8217;erogazione dei servizi offerti tramite il presente sito (quali, a titolo esemplificativo: sviluppatori software e gestori di siti web, spedizionieri).<\/p>\n<p>Inoltre, saranno trattati per finalit\u00e0 di analisi statistiche e di marketing diretto, in maniera anonima, come meglio specificato dalla cookie policy.<\/p>\n<p>Per modificare o cancellare i soli dati che sono archiviati sui sistemi che erogano il presente sito,\u00a0<a>cliccare qui<\/a>. Le informazioni da lei inserite nel form (compreso il suo indirizzo email) potranno essere comunicate a una societ\u00e0 terza che agir\u00e0 in qualit\u00e0 di Responsabile esterno e che supporta il Titolare nella gestione del sito e nell&#8217;evasione della sua richiesta.<\/p>\n\n<p>Nel caso di richiesta di cancellazione dei suoi dati, La informiamo che potrebbe non essere pi\u00f9 possibile continuare a fornirLe il servizio richiestoci.<\/p>\n\n<p>La informiamo, infine, che potr\u00e0 proporre reclamo all&#8217;Autorit\u00e0 Garante per la Protezione dei Dati, qualora ritenesse siano stati violati i suoi diritti.<\/p>\n\n<h2>***********************************<\/h2>\n\n<h2>INFORMATIVA ESTESA SUI COOKIE<\/h2>\n<p>Questo sito utilizza cookie tecnici, analitici e di profilazione, anche di terze parti, necessari rispettivamente, a consentire alcune funzionalit\u00e0 fondamentali per il sito, ad effettuare misurazioni delle perfomances del sito stesso o a fornirti indicazioni promozionali in linea con i tuoi interessi.<\/p>\n\n<p>Per accettare, rifiutare o selezionale i cookie in base alle finalit\u00e0 o al servizio, utilizza i comandi presenti nel banner per la gestione dei cookie.<\/p>\n\n<p>In particolare, per sapere quali cookie vengono installati tramite il presente sito ed esprimere le tue preferenze a riguardo, seleziona il comando &#8220;Gestisci preferenze&#8221; e scegli &#8220;Categorie&#8221; (ovvero &#8220;finalit\u00e0 dei cookie&#8221;) oppure &#8220;Servizi&#8221;.<\/p>\n\n<p>I cookies utilizzati in questo sito rientrano nelle categorie descritte di seguito.<\/p>\n<h3>Cosa sono i cookies<\/h3>\nI cookies sono piccoli file di testo che vengono automaticamente posizionati sul PC del navigatore all&#8217;interno del browser. Essi contengono informazioni di base sulla navigazione in Internet e grazie al browser vengono riconosciuti ogni volta che l&#8217;utente visita il sito.<br \/>\nDi seguito vengono forniti dettagli sui cookie installati da questo sito e indicazioni su come gestire le preferenze in merito ad essi.\n<h3>Gestione dei cookie<\/h3>\n<h4>1 &#8211; Cookie tecnici<\/h4>\n<p>I cookie tecnici descritti qui di seguito non richiedono consenso e pertanto vengono installati automaticamente a seguito dell&#8217;accesso al sito.<\/p>\n<p><b>&#8211; Cookie necessari al funzionamento:<\/b>\u00a0cookies che permettono al sito di funzionare correttamente anche consentendo all&#8217;utente di avere un&#8217;esperienza di navigazione funzionale. Ad esempio, mantengono l&#8217;utente collegato durante la navigazione evitando che il sito richieda di collegarsi pi\u00f9 volte per accedere alle pagine successive.<\/p>\n<p><b>&#8211; Cookie per il salvataggio delle preferenze:<\/b>\u00a0cookie che permettono di ricordare le preferenze selezionate dall&#8217;utente durante la navigazione, ad esempio, consentono di impostare la lingua.<\/p>\n<p><b>&#8211; Cookie statistici e di misurazione dell&#8217;audience:<\/b>\u00a0cookie che aiutano a capire, attraverso dati raccolti in forma anonima e aggregata, come gli utenti interagiscono con il sito internet fornendo informazioni relative alle sezioni visitate, il tempo trascorso sul sito, eventuali malfunzionamenti.<\/p>\n<p>Per esempio, in alcuni casi i cookie di Google Analytics utilizzati sa questo sito, sono stati resi anonimi e quindi sono equivalenti a cookie tecnici.<\/p>\n<h4>2 &#8211; Cookie di terze parti<\/h4>\nAttraverso questo sito vengono installati anche cookie gestiti da terze parti.<br \/>\nPer informazioni relative a questi cookie di terze parti e la gestione del consenso puoi utilizzare il comando &#8220;Gestisci preferenze&#8221; del banner per la gestione dei cookie. Inoltre, accedendo alla pagina\u00a0<a href=\"http:\/\/www.youronlinechoices.com\/it\/le-tue-scelte\" target=\"_blank\" rel=\"noopener\">http:\/\/www.youronlinechoices.com\/it\/le-tue-scelte<\/a>\u00a0\u00e8 possibile informarsi sulla pubblicit\u00e0 comportamentale oltre che disattivare o attivare i cookie delle societ\u00e0 elencate che lavorano con i gestori dei siti web per raccogliere e utilizzare informazioni utili alla fruizione della pubblicit\u00e0.<br \/>\nDi seguito vengono descritti i diversi tipi di cookie che le terze parti potrebbero rilasciare nel corso della navigazione sul presente sito.\n<h4>Cookie Statistici e di Misurazione dell&#8217;audience di terze parti<\/h4>\n<p>Questi cookie forniscono informazioni anonime\/aggregate sul modo in cui i visitatori navigano sul sito. Per sapere quali sono questi cookie ed esprimere le tue preferenze a riguardo, puoi utilizzare il banner per la gestione dei cookie (utilizzando il comando &#8220;Gestisci preferenze&#8221;).<\/p>\n<h4>Cookie di social media sharing<\/h4>\n<p>Questi cookie di terze parti &#8211; qualora presenti i collegamenti sul sito &#8211; vengono utilizzati per integrare alcune diffuse funzionalit\u00e0 dei principali social media e fornirle all&#8217;interno del sito. In particolare, permettono la registrazione e l&#8217;autenticazione sul sito tramite facebook e google connect, la condivisione e i commenti di pagine del sito sui social, abilitano le funzionalit\u00e0 del &#8220;mi piace&#8221; su Facebook e del &#8220;+1&#8221; su G+. Se presenti sul sito, questi cookie sono elencati all&#8217;interno banner per la gestione dei cookie. Per sapere quali sono questi cookie ed esprimere le tue preferenze a riguardo, puoi utilizzare il banner per la gestione dei cookie (utilizzando il comando &#8220;Gestisci preferenze&#8221;).<\/p>\n<h4>Cookie di remarketing<\/h4>\n<p>Questi cookie di terza parte, quando presenti, consentono di mostrare annunci pubblicitari basati sugli interessi manifestati dagli utenti durante la navigazione online sui siti e le APP appartenenti al circuito della terza parte che ha rilasciato questi cookie. Per esempio, i cookie di remarketing utilizzati da questo sito possono essere quelli della Rete Display di Google e della piattaforma Audience Network di Facebook. Se presenti sul sito, questi cookie sono elencato all&#8217;interno del banner per la gestione dei cookie. Per sapere quali sono questi cookie ed esprimere le tue preferenze a riguardo, puoi utilizzare il banner per la gestione dei cookie (utilizzando il comando &#8220;Gestisci preferenze&#8221;).<\/p>\n<h3>3 &#8211; Ricordati che puoi gestire le tue preferenze sui cookie anche attraverso il browser<\/h3>\n<em>Se si utilizza Internet Explorer<\/em><br \/>\nIn Internet Explorer, fare clic su &#8220;Strumenti&#8221; e selazionare &#8220;Opzioni Internet&#8221;. Nella scheda Privacy, spostare il cursore verso l&#8217;alto per bloccare tutti i cookie o verso il basso per consentire tutti i cookie, e quindi fare clic su OK.\n\n<em>Se si utilizza il browser Firefox<\/em><br \/>\nScegliere il men\u00f9 &#8220;Strumenti&#8221; del browser e selezionare il menu &#8220;Opzioni&#8221;. Fare clic sulla scheda &#8220;Privacy&#8221;. Nell&#8217;elenco a discesa &#8220;Regole di conservazione&#8221; selezionare il livello desiderato. Spuntare la casella &#8220;Accettare i cookie&#8221; per attivare i cookie, o togliere la spunta per disattivarli. Scegliere per quanto tempo i cookie possono essere conservati.\n\n<em>Se si utilizza il browser Safari<\/em><br \/>\nCliccare nel Men\u00f9 Safari, selezionare il menu &#8220;Modifica&#8221; e selezionare &#8220;Preferences&#8221;. Cliccare su &#8220;Privacy&#8221;. Posizionare l&#8217;impostazione &#8220;cookies Block&#8221; e fare clic su OK.\n\n<em>Se si utilizza il browser Google Chrome<\/em><br \/>\nCliccare sul menu Chrome nella barra degli strumenti del browser. Selezionare &#8220;Impostazioni&#8221;. Cliccare su &#8220;Mostra impostazioni avanzate&#8221;. Nella sezione &#8220;Privacy&#8221;, cliccare su &#8220;Impostazioni contenuti&#8221;. Nella sezione &#8220;Cookies&#8221;, selezionare &#8220;Impedisci a tutti i siti di salvare i dati&#8221; e quindi fare clic su OK.\n\n<p>Se usi un qualsiasi altro browser o non conosci il tipo e versione di browser che stai utilizzando, clicca &#8220;Aiuto&#8221; nella finestra del browser in alto, da cui puoi accedere a tutte le informazioni necessarie.<\/p>\n\n<\/div><!-- .vgblk-rw-wrapper -->","protected":false},"excerpt":{"rendered":"<p>Informativa privacy ai sensi degli artt. 13-14 del Regolamento Europeo &#8220;Privacy&#8221; (GDPR) I dati personali da Lei inseriti, sono trattati dal proprietario del sito Serena Production &#8211; Via Benedetto Castelli 44 &#8211; 25010 Montirone (BS) &#8211; +390302680909 in qualit\u00e0 di Titolare, per finalit\u00e0 connesse alla fornitura dei servizi da Lei richiesti (a titolo esemplificativo: richiedere&#8230;<\/p>","protected":false},"author":1,"featured_media":0,"parent":0,"menu_order":0,"comment_status":"closed","ping_status":"closed","template":"","meta":{"inline_featured_image":false,"footnotes":""},"class_list":["post-3","page","type-page","status-publish","hentry"],"yoast_head":"<!-- This site is optimized with the Yoast SEO plugin v27.3 - https:\/\/yoast.com\/product\/yoast-seo-wordpress\/ -->\n<title>Privacy &amp; Cookie Policy - Serena Production S.r.l.<\/title>\n<meta name=\"robots\" content=\"index, follow, max-snippet:-1, max-image-preview:large, max-video-preview:-1\" \/>\n<link rel=\"canonical\" href=\"https:\/\/serenaproduction.it\/en\/privacy-policy\/\" \/>\n<meta property=\"og:locale\" content=\"en_GB\" \/>\n<meta property=\"og:type\" content=\"article\" \/>\n<meta property=\"og:title\" content=\"Privacy &amp; Cookie Policy - Serena Production S.r.l.\" \/>\n<meta property=\"og:description\" content=\"Informativa privacy ai sensi degli artt. 13-14 del Regolamento Europeo &#8220;Privacy&#8221; (GDPR) I dati personali da Lei inseriti, sono trattati dal proprietario del sito Serena Production &#8211; Via Benedetto Castelli 44 &#8211; 25010 Montirone (BS) &#8211; +390302680909 in qualit\u00e0 di Titolare, per finalit\u00e0 connesse alla fornitura dei servizi da Lei richiesti (a titolo esemplificativo: richiedere...\" \/>\n<meta property=\"og:url\" content=\"https:\/\/serenaproduction.it\/en\/privacy-policy\/\" \/>\n<meta property=\"og:site_name\" content=\"Serena Production S.r.l.\" \/>\n<meta property=\"article:modified_time\" content=\"2022-10-27T10:02:54+00:00\" \/>\n<meta name=\"twitter:card\" content=\"summary_large_image\" \/>\n<meta name=\"twitter:label1\" content=\"Estimated reading time\" \/>\n\t<meta name=\"twitter:data1\" content=\"6 minutes\" \/>\n<script type=\"application\/ld+json\" class=\"yoast-schema-graph\">{\"@context\":\"https:\\\/\\\/schema.org\",\"@graph\":[{\"@type\":\"WebPage\",\"@id\":\"https:\\\/\\\/serenaproduction.it\\\/en\\\/privacy-policy\\\/\",\"url\":\"https:\\\/\\\/serenaproduction.it\\\/en\\\/privacy-policy\\\/\",\"name\":\"Privacy & Cookie Policy - Serena Production S.r.l.\",\"isPartOf\":{\"@id\":\"https:\\\/\\\/serenaproduction.it\\\/#website\"},\"datePublished\":\"2022-09-23T09:39:43+00:00\",\"dateModified\":\"2022-10-27T10:02:54+00:00\",\"breadcrumb\":{\"@id\":\"https:\\\/\\\/serenaproduction.it\\\/en\\\/privacy-policy\\\/#breadcrumb\"},\"inLanguage\":\"en-GB\",\"potentialAction\":[{\"@type\":\"ReadAction\",\"target\":[\"https:\\\/\\\/serenaproduction.it\\\/en\\\/privacy-policy\\\/\"]}]},{\"@type\":\"BreadcrumbList\",\"@id\":\"https:\\\/\\\/serenaproduction.it\\\/en\\\/privacy-policy\\\/#breadcrumb\",\"itemListElement\":[{\"@type\":\"ListItem\",\"position\":1,\"name\":\"Home\",\"item\":\"https:\\\/\\\/serenaproduction.it\\\/\"},{\"@type\":\"ListItem\",\"position\":2,\"name\":\"Privacy &#038; Cookie Policy\"}]},{\"@type\":\"WebSite\",\"@id\":\"https:\\\/\\\/serenaproduction.it\\\/#website\",\"url\":\"https:\\\/\\\/serenaproduction.it\\\/\",\"name\":\"Serena Production S.r.l.\",\"description\":\"\",\"publisher\":{\"@id\":\"https:\\\/\\\/serenaproduction.it\\\/#organization\"},\"potentialAction\":[{\"@type\":\"SearchAction\",\"target\":{\"@type\":\"EntryPoint\",\"urlTemplate\":\"https:\\\/\\\/serenaproduction.it\\\/?s={search_term_string}\"},\"query-input\":{\"@type\":\"PropertyValueSpecification\",\"valueRequired\":true,\"valueName\":\"search_term_string\"}}],\"inLanguage\":\"en-GB\"},{\"@type\":\"Organization\",\"@id\":\"https:\\\/\\\/serenaproduction.it\\\/#organization\",\"name\":\"Serena Production S.r.l.\",\"url\":\"https:\\\/\\\/serenaproduction.it\\\/\",\"logo\":{\"@type\":\"ImageObject\",\"inLanguage\":\"en-GB\",\"@id\":\"https:\\\/\\\/serenaproduction.it\\\/#\\\/schema\\\/logo\\\/image\\\/\",\"url\":\"https:\\\/\\\/serenaproduction.it\\\/wp-content\\\/uploads\\\/2022\\\/10\\\/cropped-cropped-logo-serena-1-1.png\",\"contentUrl\":\"https:\\\/\\\/serenaproduction.it\\\/wp-content\\\/uploads\\\/2022\\\/10\\\/cropped-cropped-logo-serena-1-1.png\",\"width\":428,\"height\":145,\"caption\":\"Serena Production S.r.l.\"},\"image\":{\"@id\":\"https:\\\/\\\/serenaproduction.it\\\/#\\\/schema\\\/logo\\\/image\\\/\"}}]}<\/script>\n<!-- \/ Yoast SEO plugin. -->","yoast_head_json":{"title":"Privacy & Cookie Policy - Serena Production S.r.l.","robots":{"index":"index","follow":"follow","max-snippet":"max-snippet:-1","max-image-preview":"max-image-preview:large","max-video-preview":"max-video-preview:-1"},"canonical":"https:\/\/serenaproduction.it\/en\/privacy-policy\/","og_locale":"en_GB","og_type":"article","og_title":"Privacy & Cookie Policy - Serena Production S.r.l.","og_description":"Informativa privacy ai sensi degli artt. 13-14 del Regolamento Europeo &#8220;Privacy&#8221; (GDPR) I dati personali da Lei inseriti, sono trattati dal proprietario del sito Serena Production &#8211; Via Benedetto Castelli 44 &#8211; 25010 Montirone (BS) &#8211; +390302680909 in qualit\u00e0 di Titolare, per finalit\u00e0 connesse alla fornitura dei servizi da Lei richiesti (a titolo esemplificativo: richiedere...","og_url":"https:\/\/serenaproduction.it\/en\/privacy-policy\/","og_site_name":"Serena Production S.r.l.","article_modified_time":"2022-10-27T10:02:54+00:00","twitter_card":"summary_large_image","twitter_misc":{"Estimated reading time":"6 minutes"},"schema":{"@context":"https:\/\/schema.org","@graph":[{"@type":"WebPage","@id":"https:\/\/serenaproduction.it\/en\/privacy-policy\/","url":"https:\/\/serenaproduction.it\/en\/privacy-policy\/","name":"Privacy & Cookie Policy - Serena Production S.r.l.","isPartOf":{"@id":"https:\/\/serenaproduction.it\/#website"},"datePublished":"2022-09-23T09:39:43+00:00","dateModified":"2022-10-27T10:02:54+00:00","breadcrumb":{"@id":"https:\/\/serenaproduction.it\/en\/privacy-policy\/#breadcrumb"},"inLanguage":"en-GB","potentialAction":[{"@type":"ReadAction","target":["https:\/\/serenaproduction.it\/en\/privacy-policy\/"]}]},{"@type":"BreadcrumbList","@id":"https:\/\/serenaproduction.it\/en\/privacy-policy\/#breadcrumb","itemListElement":[{"@type":"ListItem","position":1,"name":"Home","item":"https:\/\/serenaproduction.it\/"},{"@type":"ListItem","position":2,"name":"Privacy &#038; Cookie Policy"}]},{"@type":"WebSite","@id":"https:\/\/serenaproduction.it\/#website","url":"https:\/\/serenaproduction.it\/","name":"Serena Production S.r.l.","description":"","publisher":{"@id":"https:\/\/serenaproduction.it\/#organization"},"potentialAction":[{"@type":"SearchAction","target":{"@type":"EntryPoint","urlTemplate":"https:\/\/serenaproduction.it\/?s={search_term_string}"},"query-input":{"@type":"PropertyValueSpecification","valueRequired":true,"valueName":"search_term_string"}}],"inLanguage":"en-GB"},{"@type":"Organization","@id":"https:\/\/serenaproduction.it\/#organization","name":"Serena Production S.r.l.","url":"https:\/\/serenaproduction.it\/","logo":{"@type":"ImageObject","inLanguage":"en-GB","@id":"https:\/\/serenaproduction.it\/#\/schema\/logo\/image\/","url":"https:\/\/serenaproduction.it\/wp-content\/uploads\/2022\/10\/cropped-cropped-logo-serena-1-1.png","contentUrl":"https:\/\/serenaproduction.it\/wp-content\/uploads\/2022\/10\/cropped-cropped-logo-serena-1-1.png","width":428,"height":145,"caption":"Serena Production S.r.l."},"image":{"@id":"https:\/\/serenaproduction.it\/#\/schema\/logo\/image\/"}}]}},"_links":{"self":[{"href":"https:\/\/serenaproduction.it\/en\/wp-json\/wp\/v2\/pages\/3","targetHints":{"allow":["GET"]}}],"collection":[{"href":"https:\/\/serenaproduction.it\/en\/wp-json\/wp\/v2\/pages"}],"about":[{"href":"https:\/\/serenaproduction.it\/en\/wp-json\/wp\/v2\/types\/page"}],"author":[{"embeddable":true,"href":"https:\/\/serenaproduction.it\/en\/wp-json\/wp\/v2\/users\/1"}],"replies":[{"embeddable":true,"href":"https:\/\/serenaproduction.it\/en\/wp-json\/wp\/v2\/comments?post=3"}],"version-history":[{"count":0,"href":"https:\/\/serenaproduction.it\/en\/wp-json\/wp\/v2\/pages\/3\/revisions"}],"wp:attachment":[{"href":"https:\/\/serenaproduction.it\/en\/wp-json\/wp\/v2\/media?parent=3"}],"curies":[{"name":"wp","href":"https:\/\/api.w.org\/{rel}","templated":true}]}}